{"id":2,"date":"2024-03-27T13:47:52","date_gmt":"2024-03-27T13:47:52","guid":{"rendered":"https:\/\/dypall.com\/?page_id=2"},"modified":"2024-03-27T13:47:52","modified_gmt":"2024-03-27T13:47:52","slug":"sample-page","status":"publish","type":"page","link":"https:\/\/dypall.com\/tr\/sample-page\/","title":{"rendered":"\u00d6rnek sayfa"},"content":{"rendered":"<p>Bu \u00f6rnek bir sayfad\u0131r. Bir blog g\u00f6nderisinden farkl\u0131d\u0131r, \u00e7\u00fcnk\u00fc tek bir yerde kalacakt\u0131r ve site gezintinizde (\u00e7o\u011fu temada) g\u00f6r\u00fcnecektir. \u00c7o\u011fu ki\u015fi, onlar\u0131 potansiyel site ziyaret\u00e7ilerine tan\u0131tan bir Hakk\u0131nda sayfas\u0131yla ba\u015flar. \u015e\u00f6yle bir \u015fey s\u00f6yleyebilir:<\/p>\n\n\n\n<blockquote class=\"wp-block-quote is-layout-flow wp-block-quote-is-layout-flow\"><p>Merhaba! - Merhaba! G\u00fcnd\u00fczleri bisikletli kurye, geceleri akt\u00f6r olmak istiyorum ve bu benim web sitem. Los Angeles'ta ya\u015f\u0131yorum, Jack ad\u0131nda harika bir k\u00f6pe\u011fim var ve pi\u00f1a coladas'\u0131 seviyorum. (Ve gettin \u2047  ya\u011fmura yakaland\u0131.)<\/p><\/blockquote>\n\n\n\n<p>...ya da \u015f\u00f6yle bir \u015fey:<\/p>\n\n\n\n<blockquote class=\"wp-block-quote is-layout-flow wp-block-quote-is-layout-flow\"><p>XYZ Doohickey \u015eirketi 1971'de kuruldu ve o zamandan beri halka kaliteli doohickeys sa\u011fl\u0131yor. Gotham City'de bulunan XYZ, 2.000'den fazla ki\u015fiyi istihdam ediyor ve Gotham toplulu\u011fu i\u00e7in her t\u00fcrl\u00fc harika \u015feyi yap\u0131yor.<\/p><\/blockquote>\n\n\n\n<p>Yeni bir WordPress kullan\u0131c\u0131s\u0131 olarak, <a href=\"https:\/\/dypall.com\/wp-admin\/\">g\u00f6sterge tablonuz<\/a> Bu sayfay\u0131 silmek ve i\u00e7eri\u011finiz i\u00e7in yeni sayfalar olu\u015fturmak i\u00e7in. \u0130yi e\u011flenceler! - \u0130yi e\u011flenceler!<\/p>","protected":false},"excerpt":{"rendered":"<p>This is an example page. It&#8217;s different from a blog post because it will stay in one place and will show up in your site navigation (in most themes). Most people start with an About page that introduces them to potential site visitors. It might say something like this: Hi there! I&#8217;m a bike messenger&hellip; <a class=\"more-link\" href=\"https:\/\/dypall.com\/tr\/sample-page\/\">Okumaya devam et <span class=\"screen-reader-text\">\u00d6rnek sayfa<\/span><\/a><\/p>","protected":false},"author":1,"featured_media":0,"parent":0,"menu_order":0,"comment_status":"closed","ping_status":"open","template":"","meta":{"_acf_changed":false,"footnotes":""},"class_list":["post-2","page","type-page","status-publish","hentry","entry"],"acf":[],"yoast_head":"<!-- This site is optimized with the Yoast SEO plugin v22.8 - https:\/\/yoast.com\/wordpress\/plugins\/seo\/ -->\n<title>Sample Page - DYPALL Network<\/title>\n<meta name=\"robots\" content=\"index, follow, max-snippet:-1, max-image-preview:large, max-video-preview:-1\" \/>\n<link rel=\"canonical\" href=\"https:\/\/dypall.com\/tr\/sample-page\/\" \/>\n<meta property=\"og:locale\" content=\"tr_TR\" \/>\n<meta property=\"og:type\" content=\"article\" \/>\n<meta property=\"og:title\" content=\"Sample Page - DYPALL Network\" \/>\n<meta property=\"og:description\" content=\"This is an example page. It&#8217;s different from a blog post because it will stay in one place and will show up in your site navigation (in most themes). Most people start with an About page that introduces them to potential site visitors. It might say something like this: Hi there! I&#8217;m a bike messenger&hellip; Okumaya devam et Sample Page\" \/>\n<meta property=\"og:url\" content=\"https:\/\/dypall.com\/tr\/sample-page\/\" \/>\n<meta property=\"og:site_name\" content=\"DYPALL Network\" \/>\n<meta name=\"twitter:card\" content=\"summary_large_image\" \/>\n<meta name=\"twitter:label1\" content=\"Est. reading time\" \/>\n\t<meta name=\"twitter:data1\" content=\"1 dakika\" \/>\n<script type=\"application\/ld+json\" class=\"yoast-schema-graph\">{\"@context\":\"https:\/\/schema.org\",\"@graph\":[{\"@type\":\"WebPage\",\"@id\":\"https:\/\/dypall.com\/sample-page\/\",\"url\":\"https:\/\/dypall.com\/sample-page\/\",\"name\":\"Sample Page - DYPALL Network\",\"isPartOf\":{\"@id\":\"https:\/\/dypall.com\/#website\"},\"datePublished\":\"2024-03-27T13:47:52+00:00\",\"dateModified\":\"2024-03-27T13:47:52+00:00\",\"breadcrumb\":{\"@id\":\"https:\/\/dypall.com\/sample-page\/#breadcrumb\"},\"inLanguage\":\"tr\",\"potentialAction\":[{\"@type\":\"ReadAction\",\"target\":[\"https:\/\/dypall.com\/sample-page\/\"]}]},{\"@type\":\"BreadcrumbList\",\"@id\":\"https:\/\/dypall.com\/sample-page\/#breadcrumb\",\"itemListElement\":[{\"@type\":\"ListItem\",\"position\":1,\"name\":\"Home\",\"item\":\"https:\/\/dypall.com\/\"},{\"@type\":\"ListItem\",\"position\":2,\"name\":\"Sample Page\"}]},{\"@type\":\"WebSite\",\"@id\":\"https:\/\/dypall.com\/#website\",\"url\":\"https:\/\/dypall.com\/\",\"name\":\"DYPALL Network\",\"description\":\"We are a European network of civil society organisations, municipalities and research institutions dedicated to improving democracy through youth participation.\",\"potentialAction\":[{\"@type\":\"SearchAction\",\"target\":{\"@type\":\"EntryPoint\",\"urlTemplate\":\"https:\/\/dypall.com\/?s={search_term_string}\"},\"query-input\":\"required name=search_term_string\"}],\"inLanguage\":\"tr\"}]}<\/script>\n<!-- \/ Yoast SEO plugin. -->","yoast_head_json":{"title":"Sample Page - DYPALL Network","robots":{"index":"index","follow":"follow","max-snippet":"max-snippet:-1","max-image-preview":"max-image-preview:large","max-video-preview":"max-video-preview:-1"},"canonical":"https:\/\/dypall.com\/tr\/sample-page\/","og_locale":"tr_TR","og_type":"article","og_title":"Sample Page - DYPALL Network","og_description":"This is an example page. It&#8217;s different from a blog post because it will stay in one place and will show up in your site navigation (in most themes). Most people start with an About page that introduces them to potential site visitors. It might say something like this: Hi there! I&#8217;m a bike messenger&hellip; Okumaya devam et Sample Page","og_url":"https:\/\/dypall.com\/tr\/sample-page\/","og_site_name":"DYPALL Network","twitter_card":"summary_large_image","twitter_misc":{"Est. reading time":"1 dakika"},"schema":{"@context":"https:\/\/schema.org","@graph":[{"@type":"WebPage","@id":"https:\/\/dypall.com\/sample-page\/","url":"https:\/\/dypall.com\/sample-page\/","name":"Sample Page - DYPALL Network","isPartOf":{"@id":"https:\/\/dypall.com\/#website"},"datePublished":"2024-03-27T13:47:52+00:00","dateModified":"2024-03-27T13:47:52+00:00","breadcrumb":{"@id":"https:\/\/dypall.com\/sample-page\/#breadcrumb"},"inLanguage":"tr","potentialAction":[{"@type":"ReadAction","target":["https:\/\/dypall.com\/sample-page\/"]}]},{"@type":"BreadcrumbList","@id":"https:\/\/dypall.com\/sample-page\/#breadcrumb","itemListElement":[{"@type":"ListItem","position":1,"name":"Home","item":"https:\/\/dypall.com\/"},{"@type":"ListItem","position":2,"name":"Sample Page"}]},{"@type":"WebSite","@id":"https:\/\/dypall.com\/#website","url":"https:\/\/dypall.com\/","name":"DYPALL Network","description":"We are a European network of civil society organisations, municipalities and research institutions dedicated to improving democracy through youth participation.","potentialAction":[{"@type":"SearchAction","target":{"@type":"EntryPoint","urlTemplate":"https:\/\/dypall.com\/?s={search_term_string}"},"query-input":"required name=search_term_string"}],"inLanguage":"tr"}]}},"jetpack_sharing_enabled":true,"_links":{"self":[{"href":"https:\/\/dypall.com\/tr\/wp-json\/wp\/v2\/pages\/2","targetHints":{"allow":["GET"]}}],"collection":[{"href":"https:\/\/dypall.com\/tr\/wp-json\/wp\/v2\/pages"}],"about":[{"href":"https:\/\/dypall.com\/tr\/wp-json\/wp\/v2\/types\/page"}],"author":[{"embeddable":true,"href":"https:\/\/dypall.com\/tr\/wp-json\/wp\/v2\/users\/1"}],"replies":[{"embeddable":true,"href":"https:\/\/dypall.com\/tr\/wp-json\/wp\/v2\/comments?post=2"}],"version-history":[{"count":0,"href":"https:\/\/dypall.com\/tr\/wp-json\/wp\/v2\/pages\/2\/revisions"}],"wp:attachment":[{"href":"https:\/\/dypall.com\/tr\/wp-json\/wp\/v2\/media?parent=2"}],"curies":[{"name":"wp","href":"https:\/\/api.w.org\/{rel}","templated":true}]}}