{"id":2,"date":"2024-03-27T13:47:52","date_gmt":"2024-03-27T13:47:52","guid":{"rendered":"https:\/\/dypall.com\/?page_id=2"},"modified":"2024-03-27T13:47:52","modified_gmt":"2024-03-27T13:47:52","slug":"sample-page","status":"publish","type":"page","link":"https:\/\/dypall.com\/hr\/sample-page\/","title":{"rendered":"Stranica uzorka"},"content":{"rendered":"<p>Ovo je stranica s primjerom. Razlikuje se od objave na blogu jer \u0107e ostati na jednom mjestu i pojaviti se u navigaciji va\u0161e web-lokacije (u ve\u0107ini tema). Ve\u0107ina ljudi zapo\u010dinje s O stranici koja ih upoznaje s potencijalnim posjetiteljima web mjesta. Moglo bi se re\u0107i ne\u0161to ovako:<\/p>\n\n\n\n<blockquote class=\"wp-block-quote is-layout-flow wp-block-quote-is-layout-flow\"><p>Bok ovdje! Ja sam glasnik bicikla danju, budu\u0107i glumac no\u0107u, a ovo je moja internetska stranica. \u017divim u Los Angelesu, imam sjajnog psa po imenu Jack, i volim pi\u00f1a coladas. (I biti uhva\u0107en na ki\u0161i.)<\/p><\/blockquote>\n\n\n\n<p>...ili ne\u0161to poput ovoga:<\/p>\n\n\n\n<blockquote class=\"wp-block-quote is-layout-flow wp-block-quote-is-layout-flow\"><p>Tvrtka XYZ Doohickey osnovana je 1971. godine i od tada pru\u017ea kvalitetne doohickeyje javnosti. Smje\u0161ten u Gotham Cityju, XYZ zapo\u0161ljava vi\u0161e od 2.000 ljudi i radi sve vrste sjajnih stvari za Gotham zajednicu.<\/p><\/blockquote>\n\n\n\n<p>Kao novi WordPress korisnik, trebali biste i\u0107i na <a href=\"https:\/\/dypall.com\/wp-admin\/\">va\u0161a kontrolna plo\u010da<\/a> za brisanje ove stranice i stvaranje novih stranica za va\u0161 sadr\u017eaj. Zabavite se!<\/p>","protected":false},"excerpt":{"rendered":"<p>This is an example page. It&#8217;s different from a blog post because it will stay in one place and will show up in your site navigation (in most themes). Most people start with an About page that introduces them to potential site visitors. It might say something like this: Hi there! I&#8217;m a bike messenger&hellip; <a class=\"more-link\" href=\"https:\/\/dypall.com\/hr\/sample-page\/\">Nastavi \u010ditati <span class=\"screen-reader-text\">Stranica uzorka<\/span><\/a><\/p>","protected":false},"author":1,"featured_media":0,"parent":0,"menu_order":0,"comment_status":"closed","ping_status":"open","template":"","meta":{"_acf_changed":false,"footnotes":""},"class_list":["post-2","page","type-page","status-publish","hentry","entry"],"acf":[],"yoast_head":"<!-- This site is optimized with the Yoast SEO plugin v22.8 - https:\/\/yoast.com\/wordpress\/plugins\/seo\/ -->\n<title>Sample Page - DYPALL Network<\/title>\n<meta name=\"robots\" content=\"index, follow, max-snippet:-1, max-image-preview:large, max-video-preview:-1\" \/>\n<link rel=\"canonical\" href=\"https:\/\/dypall.com\/hr\/sample-page\/\" \/>\n<meta property=\"og:locale\" content=\"hr_HR\" \/>\n<meta property=\"og:type\" content=\"article\" \/>\n<meta property=\"og:title\" content=\"Sample Page - DYPALL Network\" \/>\n<meta property=\"og:description\" content=\"This is an example page. It&#8217;s different from a blog post because it will stay in one place and will show up in your site navigation (in most themes). Most people start with an About page that introduces them to potential site visitors. It might say something like this: Hi there! I&#8217;m a bike messenger&hellip; Nastavi \u010ditati Sample Page\" \/>\n<meta property=\"og:url\" content=\"https:\/\/dypall.com\/hr\/sample-page\/\" \/>\n<meta property=\"og:site_name\" content=\"DYPALL Network\" \/>\n<meta name=\"twitter:card\" content=\"summary_large_image\" \/>\n<meta name=\"twitter:label1\" content=\"Est. reading time\" \/>\n\t<meta name=\"twitter:data1\" content=\"1 minuta\" \/>\n<script type=\"application\/ld+json\" class=\"yoast-schema-graph\">{\"@context\":\"https:\/\/schema.org\",\"@graph\":[{\"@type\":\"WebPage\",\"@id\":\"https:\/\/dypall.com\/sample-page\/\",\"url\":\"https:\/\/dypall.com\/sample-page\/\",\"name\":\"Sample Page - DYPALL Network\",\"isPartOf\":{\"@id\":\"https:\/\/dypall.com\/#website\"},\"datePublished\":\"2024-03-27T13:47:52+00:00\",\"dateModified\":\"2024-03-27T13:47:52+00:00\",\"breadcrumb\":{\"@id\":\"https:\/\/dypall.com\/sample-page\/#breadcrumb\"},\"inLanguage\":\"hr\",\"potentialAction\":[{\"@type\":\"ReadAction\",\"target\":[\"https:\/\/dypall.com\/sample-page\/\"]}]},{\"@type\":\"BreadcrumbList\",\"@id\":\"https:\/\/dypall.com\/sample-page\/#breadcrumb\",\"itemListElement\":[{\"@type\":\"ListItem\",\"position\":1,\"name\":\"Home\",\"item\":\"https:\/\/dypall.com\/\"},{\"@type\":\"ListItem\",\"position\":2,\"name\":\"Sample Page\"}]},{\"@type\":\"WebSite\",\"@id\":\"https:\/\/dypall.com\/#website\",\"url\":\"https:\/\/dypall.com\/\",\"name\":\"DYPALL Network\",\"description\":\"We are a European network of civil society organisations, municipalities and research institutions dedicated to improving democracy through youth participation.\",\"potentialAction\":[{\"@type\":\"SearchAction\",\"target\":{\"@type\":\"EntryPoint\",\"urlTemplate\":\"https:\/\/dypall.com\/?s={search_term_string}\"},\"query-input\":\"required name=search_term_string\"}],\"inLanguage\":\"hr\"}]}<\/script>\n<!-- \/ Yoast SEO plugin. -->","yoast_head_json":{"title":"Sample Page - DYPALL Network","robots":{"index":"index","follow":"follow","max-snippet":"max-snippet:-1","max-image-preview":"max-image-preview:large","max-video-preview":"max-video-preview:-1"},"canonical":"https:\/\/dypall.com\/hr\/sample-page\/","og_locale":"hr_HR","og_type":"article","og_title":"Sample Page - DYPALL Network","og_description":"This is an example page. It&#8217;s different from a blog post because it will stay in one place and will show up in your site navigation (in most themes). Most people start with an About page that introduces them to potential site visitors. It might say something like this: Hi there! I&#8217;m a bike messenger&hellip; Nastavi \u010ditati Sample Page","og_url":"https:\/\/dypall.com\/hr\/sample-page\/","og_site_name":"DYPALL Network","twitter_card":"summary_large_image","twitter_misc":{"Est. reading time":"1 minuta"},"schema":{"@context":"https:\/\/schema.org","@graph":[{"@type":"WebPage","@id":"https:\/\/dypall.com\/sample-page\/","url":"https:\/\/dypall.com\/sample-page\/","name":"Sample Page - DYPALL Network","isPartOf":{"@id":"https:\/\/dypall.com\/#website"},"datePublished":"2024-03-27T13:47:52+00:00","dateModified":"2024-03-27T13:47:52+00:00","breadcrumb":{"@id":"https:\/\/dypall.com\/sample-page\/#breadcrumb"},"inLanguage":"hr","potentialAction":[{"@type":"ReadAction","target":["https:\/\/dypall.com\/sample-page\/"]}]},{"@type":"BreadcrumbList","@id":"https:\/\/dypall.com\/sample-page\/#breadcrumb","itemListElement":[{"@type":"ListItem","position":1,"name":"Home","item":"https:\/\/dypall.com\/"},{"@type":"ListItem","position":2,"name":"Sample Page"}]},{"@type":"WebSite","@id":"https:\/\/dypall.com\/#website","url":"https:\/\/dypall.com\/","name":"DYPALL Network","description":"We are a European network of civil society organisations, municipalities and research institutions dedicated to improving democracy through youth participation.","potentialAction":[{"@type":"SearchAction","target":{"@type":"EntryPoint","urlTemplate":"https:\/\/dypall.com\/?s={search_term_string}"},"query-input":"required name=search_term_string"}],"inLanguage":"hr"}]}},"jetpack_sharing_enabled":true,"_links":{"self":[{"href":"https:\/\/dypall.com\/hr\/wp-json\/wp\/v2\/pages\/2","targetHints":{"allow":["GET"]}}],"collection":[{"href":"https:\/\/dypall.com\/hr\/wp-json\/wp\/v2\/pages"}],"about":[{"href":"https:\/\/dypall.com\/hr\/wp-json\/wp\/v2\/types\/page"}],"author":[{"embeddable":true,"href":"https:\/\/dypall.com\/hr\/wp-json\/wp\/v2\/users\/1"}],"replies":[{"embeddable":true,"href":"https:\/\/dypall.com\/hr\/wp-json\/wp\/v2\/comments?post=2"}],"version-history":[{"count":0,"href":"https:\/\/dypall.com\/hr\/wp-json\/wp\/v2\/pages\/2\/revisions"}],"wp:attachment":[{"href":"https:\/\/dypall.com\/hr\/wp-json\/wp\/v2\/media?parent=2"}],"curies":[{"name":"wp","href":"https:\/\/api.w.org\/{rel}","templated":true}]}}