{"id":2,"date":"2024-03-27T13:47:52","date_gmt":"2024-03-27T13:47:52","guid":{"rendered":"https:\/\/dypall.com\/?page_id=2"},"modified":"2024-03-27T13:47:52","modified_gmt":"2024-03-27T13:47:52","slug":"sample-page","status":"publish","type":"page","link":"https:\/\/dypall.com\/et\/sample-page\/","title":{"rendered":"N\u00e4idisleht"},"content":{"rendered":"<p>See on n\u00e4idisleht. See erineb blogipostitusest, sest see j\u00e4\u00e4b \u00fchte kohta ja ilmub teie saidil navigeerimisel (enamiku teemade puhul). Enamik inimesi alustab lehelt About, mis tutvustab neid potentsiaalsetele saidi k\u00fclastajatele. See v\u00f5ib \u00f6elda midagi sellist:<\/p>\n\n\n\n<blockquote class=\"wp-block-quote is-layout-flow wp-block-quote-is-layout-flow\"><p>Tere tulemast! Ma olen p\u00e4ev-p\u00e4evalt jalgratta s\u00f5numitooja, kes p\u00fc\u00fcab \u00f6\u00f6sel n\u00e4itlejaks saada, ja see on minu veebisait. Ma elan Los Angeleses, mul on suurep\u00e4rane koer nimega Jack ja mulle meeldib pi\u00f1a coladas. (Ja satub vihma k\u00e4tte.)<\/p><\/blockquote>\n\n\n\n<p>V\u00f5i midagi sellist:<\/p>\n\n\n\n<blockquote class=\"wp-block-quote is-layout-flow wp-block-quote-is-layout-flow\"><p>XYZ Doohickey Company asutati 1971. aastal ja on sellest ajast alates pakkunud avalikkusele kvaliteetseid doohickeysid. Gotham Citys asuv XYZ annab t\u00f6\u00f6d rohkem kui 2000 inimesele ja teeb Gothami kogukonnale igasuguseid suurep\u00e4raseid asju.<\/p><\/blockquote>\n\n\n\n<p>Uue WordPressi kasutajana peaksite minema <a href=\"https:\/\/dypall.com\/wp-admin\/\">teie t\u00f6\u00f6laud<\/a> selle lehe kustutamiseks ja sisu jaoks uute lehtede loomiseks. L\u00f5butsege!<\/p>","protected":false},"excerpt":{"rendered":"<p>This is an example page. It&#8217;s different from a blog post because it will stay in one place and will show up in your site navigation (in most themes). Most people start with an About page that introduces them to potential site visitors. It might say something like this: Hi there! I&#8217;m a bike messenger&hellip; <a class=\"more-link\" href=\"https:\/\/dypall.com\/et\/sample-page\/\">J\u00e4tka lugemist <span class=\"screen-reader-text\">N\u00e4idisleht<\/span><\/a><\/p>","protected":false},"author":1,"featured_media":0,"parent":0,"menu_order":0,"comment_status":"closed","ping_status":"open","template":"","meta":{"_acf_changed":false,"footnotes":""},"class_list":["post-2","page","type-page","status-publish","hentry","entry"],"acf":[],"yoast_head":"<!-- This site is optimized with the Yoast SEO plugin v22.8 - https:\/\/yoast.com\/wordpress\/plugins\/seo\/ -->\n<title>Sample Page - DYPALL Network<\/title>\n<meta name=\"robots\" content=\"index, follow, max-snippet:-1, max-image-preview:large, max-video-preview:-1\" \/>\n<link rel=\"canonical\" href=\"https:\/\/dypall.com\/et\/sample-page\/\" \/>\n<meta property=\"og:locale\" content=\"et_EE\" \/>\n<meta property=\"og:type\" content=\"article\" \/>\n<meta property=\"og:title\" content=\"Sample Page - DYPALL Network\" \/>\n<meta property=\"og:description\" content=\"This is an example page. It&#8217;s different from a blog post because it will stay in one place and will show up in your site navigation (in most themes). Most people start with an About page that introduces them to potential site visitors. It might say something like this: Hi there! I&#8217;m a bike messenger&hellip; Continue reading Sample Page\" \/>\n<meta property=\"og:url\" content=\"https:\/\/dypall.com\/et\/sample-page\/\" \/>\n<meta property=\"og:site_name\" content=\"DYPALL Network\" \/>\n<meta name=\"twitter:card\" content=\"summary_large_image\" \/>\n<meta name=\"twitter:label1\" content=\"Est. reading time\" \/>\n\t<meta name=\"twitter:data1\" content=\"1 minut\" \/>\n<script type=\"application\/ld+json\" class=\"yoast-schema-graph\">{\"@context\":\"https:\/\/schema.org\",\"@graph\":[{\"@type\":\"WebPage\",\"@id\":\"https:\/\/dypall.com\/sample-page\/\",\"url\":\"https:\/\/dypall.com\/sample-page\/\",\"name\":\"Sample Page - DYPALL Network\",\"isPartOf\":{\"@id\":\"https:\/\/dypall.com\/#website\"},\"datePublished\":\"2024-03-27T13:47:52+00:00\",\"dateModified\":\"2024-03-27T13:47:52+00:00\",\"breadcrumb\":{\"@id\":\"https:\/\/dypall.com\/sample-page\/#breadcrumb\"},\"inLanguage\":\"et\",\"potentialAction\":[{\"@type\":\"ReadAction\",\"target\":[\"https:\/\/dypall.com\/sample-page\/\"]}]},{\"@type\":\"BreadcrumbList\",\"@id\":\"https:\/\/dypall.com\/sample-page\/#breadcrumb\",\"itemListElement\":[{\"@type\":\"ListItem\",\"position\":1,\"name\":\"Home\",\"item\":\"https:\/\/dypall.com\/\"},{\"@type\":\"ListItem\",\"position\":2,\"name\":\"Sample Page\"}]},{\"@type\":\"WebSite\",\"@id\":\"https:\/\/dypall.com\/#website\",\"url\":\"https:\/\/dypall.com\/\",\"name\":\"DYPALL Network\",\"description\":\"We are a European network of civil society organisations, municipalities and research institutions dedicated to improving democracy through youth participation.\",\"potentialAction\":[{\"@type\":\"SearchAction\",\"target\":{\"@type\":\"EntryPoint\",\"urlTemplate\":\"https:\/\/dypall.com\/?s={search_term_string}\"},\"query-input\":\"required name=search_term_string\"}],\"inLanguage\":\"et\"}]}<\/script>\n<!-- \/ Yoast SEO plugin. -->","yoast_head_json":{"title":"Sample Page - DYPALL Network","robots":{"index":"index","follow":"follow","max-snippet":"max-snippet:-1","max-image-preview":"max-image-preview:large","max-video-preview":"max-video-preview:-1"},"canonical":"https:\/\/dypall.com\/et\/sample-page\/","og_locale":"et_EE","og_type":"article","og_title":"Sample Page - DYPALL Network","og_description":"This is an example page. It&#8217;s different from a blog post because it will stay in one place and will show up in your site navigation (in most themes). Most people start with an About page that introduces them to potential site visitors. It might say something like this: Hi there! I&#8217;m a bike messenger&hellip; Continue reading Sample Page","og_url":"https:\/\/dypall.com\/et\/sample-page\/","og_site_name":"DYPALL Network","twitter_card":"summary_large_image","twitter_misc":{"Est. reading time":"1 minut"},"schema":{"@context":"https:\/\/schema.org","@graph":[{"@type":"WebPage","@id":"https:\/\/dypall.com\/sample-page\/","url":"https:\/\/dypall.com\/sample-page\/","name":"Sample Page - DYPALL Network","isPartOf":{"@id":"https:\/\/dypall.com\/#website"},"datePublished":"2024-03-27T13:47:52+00:00","dateModified":"2024-03-27T13:47:52+00:00","breadcrumb":{"@id":"https:\/\/dypall.com\/sample-page\/#breadcrumb"},"inLanguage":"et","potentialAction":[{"@type":"ReadAction","target":["https:\/\/dypall.com\/sample-page\/"]}]},{"@type":"BreadcrumbList","@id":"https:\/\/dypall.com\/sample-page\/#breadcrumb","itemListElement":[{"@type":"ListItem","position":1,"name":"Home","item":"https:\/\/dypall.com\/"},{"@type":"ListItem","position":2,"name":"Sample Page"}]},{"@type":"WebSite","@id":"https:\/\/dypall.com\/#website","url":"https:\/\/dypall.com\/","name":"DYPALL Network","description":"We are a European network of civil society organisations, municipalities and research institutions dedicated to improving democracy through youth participation.","potentialAction":[{"@type":"SearchAction","target":{"@type":"EntryPoint","urlTemplate":"https:\/\/dypall.com\/?s={search_term_string}"},"query-input":"required name=search_term_string"}],"inLanguage":"et"}]}},"jetpack_sharing_enabled":true,"_links":{"self":[{"href":"https:\/\/dypall.com\/et\/wp-json\/wp\/v2\/pages\/2","targetHints":{"allow":["GET"]}}],"collection":[{"href":"https:\/\/dypall.com\/et\/wp-json\/wp\/v2\/pages"}],"about":[{"href":"https:\/\/dypall.com\/et\/wp-json\/wp\/v2\/types\/page"}],"author":[{"embeddable":true,"href":"https:\/\/dypall.com\/et\/wp-json\/wp\/v2\/users\/1"}],"replies":[{"embeddable":true,"href":"https:\/\/dypall.com\/et\/wp-json\/wp\/v2\/comments?post=2"}],"version-history":[{"count":0,"href":"https:\/\/dypall.com\/et\/wp-json\/wp\/v2\/pages\/2\/revisions"}],"wp:attachment":[{"href":"https:\/\/dypall.com\/et\/wp-json\/wp\/v2\/media?parent=2"}],"curies":[{"name":"wp","href":"https:\/\/api.w.org\/{rel}","templated":true}]}}